{"id":18464,"date":"2024-04-18T12:03:51","date_gmt":"2024-04-18T12:03:51","guid":{"rendered":"https:\/\/staging.huelightusa.com\/product\/agua-esteralizada\/"},"modified":"2024-06-11T11:30:37","modified_gmt":"2024-06-11T11:30:37","slug":"agua-esteralizada","status":"publish","type":"product","link":"https:\/\/staging.huelightusa.com\/es\/producto\/agua-esteralizada\/","title":{"rendered":"Agua esteralizada"},"content":{"rendered":"","protected":false},"excerpt":{"rendered":"<p><span class=\"product-title\">Agua esteralizada<\/span><\/p>\n<p>Hay agua esterilizada Hue Light USA disponible para reponer los dispositivos de inhalaci\u00f3n de hidr\u00f3geno molecular. Disponible en botellas de 1000 mL o por caja (12 botellas). El agua esterilizada est\u00e1 libre de contaminantes y garantiza el funcionamiento seguro de su dispositivo de inhalaci\u00f3n de hidr\u00f3geno. Nuestra agua esterilizada es: <\/p>\n<ul style=\"list-style-type: disc;\">\n<li>Ideal para sistemas cerrados de inhalaci\u00f3n de hidr\u00f3geno molecular. <\/li>\n<li>Reduce el riesgo de contaminaci\u00f3n bacteriana. <\/li>\n<li>Disponible para H-2000 o H-1200 (tanques de 2000 ml) <\/li>\n<li>Cumple con los est\u00e1ndares de esterilidad de la USP<\/li>\n<\/ul>\n","protected":false},"featured_media":22726,"comment_status":"closed","ping_status":"closed","template":"","meta":{"_acf_changed":false},"product_brand":[],"product_cat":[200],"product_tag":[],"class_list":{"0":"post-18464","1":"product","2":"type-product","3":"status-publish","4":"has-post-thumbnail","6":"product_cat-productos","8":"first","9":"instock","10":"sale","11":"sold-individually","12":"shipping-taxable","13":"purchasable","14":"product-type-variable","15":"has-default-attributes"},"acf":[],"yoast_head":"<!-- This site is optimized with the Yoast SEO Premium plugin v22.8 (Yoast SEO v25.3.1) - https:\/\/yoast.com\/wordpress\/plugins\/seo\/ -->\n<title>Agua est\u00e9ril - Hue Light EE. UU.<\/title>\n<meta name=\"description\" content=\"Compre agua est\u00e9ril de hue light usa para reponer sus dispositivos de inhalaci\u00f3n de hidr\u00f3geno molecular. Garantice un funcionamiento seguro y reduzca el riesgo de contaminaci\u00f3n. \u00a1Compre agua esterilizada ahora!\" \/>\n<meta name=\"robots\" content=\"noindex, follow, max-snippet:-1, max-image-preview:large, max-video-preview:-1\" \/>\n<meta property=\"og:locale\" content=\"es_ES\" \/>\n<meta property=\"og:type\" content=\"article\" \/>\n<meta property=\"og:title\" content=\"Agua esteralizada\" \/>\n<meta property=\"og:description\" content=\"Compre agua est\u00e9ril de hue light usa para reponer sus dispositivos de inhalaci\u00f3n de hidr\u00f3geno molecular. Garantice un funcionamiento seguro y reduzca el riesgo de contaminaci\u00f3n. \u00a1Compre agua esterilizada ahora!\" \/>\n<meta property=\"og:url\" content=\"https:\/\/staging.huelightusa.com\/es\/producto\/agua-esteralizada\/\" \/>\n<meta property=\"og:site_name\" content=\"Hue Light USA\" \/>\n<meta property=\"article:modified_time\" content=\"2024-06-11T11:30:37+00:00\" \/>\n<meta property=\"og:image\" content=\"https:\/\/staging.huelightusa.com\/wp-content\/uploads\/2024\/04\/Amsino_1000ml_SterileWater-770x910-1.png\" \/>\n\t<meta property=\"og:image:width\" content=\"770\" \/>\n\t<meta property=\"og:image:height\" content=\"910\" \/>\n\t<meta property=\"og:image:type\" content=\"image\/png\" \/>\n<meta name=\"twitter:card\" content=\"summary_large_image\" \/>\n<meta name=\"twitter:label1\" content=\"Est. reading time\" \/>\n\t<meta name=\"twitter:data1\" content=\"1 minuto\" \/>\n<script type=\"application\/ld+json\" class=\"yoast-schema-graph\">{\"@context\":\"https:\/\/schema.org\",\"@graph\":[{\"@type\":\"WebPage\",\"@id\":\"https:\/\/staging.huelightusa.com\/es\/producto\/agua-esteralizada\/\",\"url\":\"https:\/\/staging.huelightusa.com\/es\/producto\/agua-esteralizada\/\",\"name\":\"Agua est\u00e9ril - Hue Light EE. UU.\",\"isPartOf\":{\"@id\":\"https:\/\/staging.huelightusa.com\/es\/#website\"},\"primaryImageOfPage\":{\"@id\":\"https:\/\/staging.huelightusa.com\/es\/producto\/agua-esteralizada\/#primaryimage\"},\"image\":{\"@id\":\"https:\/\/staging.huelightusa.com\/es\/producto\/agua-esteralizada\/#primaryimage\"},\"thumbnailUrl\":\"https:\/\/staging.huelightusa.com\/wp-content\/uploads\/2024\/04\/Bottal_600x550-1.png\",\"datePublished\":\"2024-04-18T12:03:51+00:00\",\"dateModified\":\"2024-06-11T11:30:37+00:00\",\"description\":\"Compre agua est\u00e9ril de hue light usa para reponer sus dispositivos de inhalaci\u00f3n de hidr\u00f3geno molecular. Garantice un funcionamiento seguro y reduzca el riesgo de contaminaci\u00f3n. \u00a1Compre agua esterilizada ahora!\",\"breadcrumb\":{\"@id\":\"https:\/\/staging.huelightusa.com\/es\/producto\/agua-esteralizada\/#breadcrumb\"},\"inLanguage\":\"es\",\"potentialAction\":[{\"@type\":\"ReadAction\",\"target\":[\"https:\/\/staging.huelightusa.com\/es\/producto\/agua-esteralizada\/\"]}]},{\"@type\":\"ImageObject\",\"inLanguage\":\"es\",\"@id\":\"https:\/\/staging.huelightusa.com\/es\/producto\/agua-esteralizada\/#primaryimage\",\"url\":\"https:\/\/staging.huelightusa.com\/wp-content\/uploads\/2024\/04\/Bottal_600x550-1.png\",\"contentUrl\":\"https:\/\/staging.huelightusa.com\/wp-content\/uploads\/2024\/04\/Bottal_600x550-1.png\",\"width\":600,\"height\":550},{\"@type\":\"BreadcrumbList\",\"@id\":\"https:\/\/staging.huelightusa.com\/es\/producto\/agua-esteralizada\/#breadcrumb\",\"itemListElement\":[{\"@type\":\"ListItem\",\"position\":1,\"name\":\"Home\",\"item\":\"https:\/\/staging.huelightusa.com\/es\/\"},{\"@type\":\"ListItem\",\"position\":2,\"name\":\"Productos\",\"item\":\"https:\/\/staging.huelightusa.com\/es\/productos\/\"},{\"@type\":\"ListItem\",\"position\":3,\"name\":\"Agua esteralizada\"}]},{\"@type\":\"WebSite\",\"@id\":\"https:\/\/staging.huelightusa.com\/es\/#website\",\"url\":\"https:\/\/staging.huelightusa.com\/es\/\",\"name\":\"Hue Light USA\",\"description\":\"\",\"publisher\":{\"@id\":\"https:\/\/staging.huelightusa.com\/es\/#organization\"},\"potentialAction\":[{\"@type\":\"SearchAction\",\"target\":{\"@type\":\"EntryPoint\",\"urlTemplate\":\"https:\/\/staging.huelightusa.com\/es\/?s={search_term_string}\"},\"query-input\":{\"@type\":\"PropertyValueSpecification\",\"valueRequired\":true,\"valueName\":\"search_term_string\"}}],\"inLanguage\":\"es\"},{\"@type\":\"Organization\",\"@id\":\"https:\/\/staging.huelightusa.com\/es\/#organization\",\"name\":\"Hue Light USA\",\"url\":\"https:\/\/staging.huelightusa.com\/es\/\",\"logo\":{\"@type\":\"ImageObject\",\"inLanguage\":\"es\",\"@id\":\"https:\/\/staging.huelightusa.com\/es\/#\/schema\/logo\/image\/\",\"url\":\"https:\/\/staging.huelightusa.com\/wp-content\/uploads\/2024\/04\/HueLightUSA_Logo.png\",\"contentUrl\":\"https:\/\/staging.huelightusa.com\/wp-content\/uploads\/2024\/04\/HueLightUSA_Logo.png\",\"width\":862,\"height\":169,\"caption\":\"Hue Light USA\"},\"image\":{\"@id\":\"https:\/\/staging.huelightusa.com\/es\/#\/schema\/logo\/image\/\"}}]}<\/script>\n<!-- \/ Yoast SEO Premium plugin. -->","yoast_head_json":{"title":"Agua est\u00e9ril - Hue Light EE. UU.","description":"Compre agua est\u00e9ril de hue light usa para reponer sus dispositivos de inhalaci\u00f3n de hidr\u00f3geno molecular. Garantice un funcionamiento seguro y reduzca el riesgo de contaminaci\u00f3n. \u00a1Compre agua esterilizada ahora!","robots":{"index":"noindex","follow":"follow","max-snippet":"max-snippet:-1","max-image-preview":"max-image-preview:large","max-video-preview":"max-video-preview:-1"},"og_locale":"es_ES","og_type":"article","og_title":"Agua esteralizada","og_description":"Compre agua est\u00e9ril de hue light usa para reponer sus dispositivos de inhalaci\u00f3n de hidr\u00f3geno molecular. Garantice un funcionamiento seguro y reduzca el riesgo de contaminaci\u00f3n. \u00a1Compre agua esterilizada ahora!","og_url":"https:\/\/staging.huelightusa.com\/es\/producto\/agua-esteralizada\/","og_site_name":"Hue Light USA","article_modified_time":"2024-06-11T11:30:37+00:00","og_image":[{"width":770,"height":910,"url":"https:\/\/staging.huelightusa.com\/wp-content\/uploads\/2024\/04\/Amsino_1000ml_SterileWater-770x910-1.png","type":"image\/png"}],"twitter_card":"summary_large_image","twitter_misc":{"Est. reading time":"1 minuto"},"schema":{"@context":"https:\/\/schema.org","@graph":[{"@type":"WebPage","@id":"https:\/\/staging.huelightusa.com\/es\/producto\/agua-esteralizada\/","url":"https:\/\/staging.huelightusa.com\/es\/producto\/agua-esteralizada\/","name":"Agua est\u00e9ril - Hue Light EE. UU.","isPartOf":{"@id":"https:\/\/staging.huelightusa.com\/es\/#website"},"primaryImageOfPage":{"@id":"https:\/\/staging.huelightusa.com\/es\/producto\/agua-esteralizada\/#primaryimage"},"image":{"@id":"https:\/\/staging.huelightusa.com\/es\/producto\/agua-esteralizada\/#primaryimage"},"thumbnailUrl":"https:\/\/staging.huelightusa.com\/wp-content\/uploads\/2024\/04\/Bottal_600x550-1.png","datePublished":"2024-04-18T12:03:51+00:00","dateModified":"2024-06-11T11:30:37+00:00","description":"Compre agua est\u00e9ril de hue light usa para reponer sus dispositivos de inhalaci\u00f3n de hidr\u00f3geno molecular. Garantice un funcionamiento seguro y reduzca el riesgo de contaminaci\u00f3n. \u00a1Compre agua esterilizada ahora!","breadcrumb":{"@id":"https:\/\/staging.huelightusa.com\/es\/producto\/agua-esteralizada\/#breadcrumb"},"inLanguage":"es","potentialAction":[{"@type":"ReadAction","target":["https:\/\/staging.huelightusa.com\/es\/producto\/agua-esteralizada\/"]}]},{"@type":"ImageObject","inLanguage":"es","@id":"https:\/\/staging.huelightusa.com\/es\/producto\/agua-esteralizada\/#primaryimage","url":"https:\/\/staging.huelightusa.com\/wp-content\/uploads\/2024\/04\/Bottal_600x550-1.png","contentUrl":"https:\/\/staging.huelightusa.com\/wp-content\/uploads\/2024\/04\/Bottal_600x550-1.png","width":600,"height":550},{"@type":"BreadcrumbList","@id":"https:\/\/staging.huelightusa.com\/es\/producto\/agua-esteralizada\/#breadcrumb","itemListElement":[{"@type":"ListItem","position":1,"name":"Home","item":"https:\/\/staging.huelightusa.com\/es\/"},{"@type":"ListItem","position":2,"name":"Productos","item":"https:\/\/staging.huelightusa.com\/es\/productos\/"},{"@type":"ListItem","position":3,"name":"Agua esteralizada"}]},{"@type":"WebSite","@id":"https:\/\/staging.huelightusa.com\/es\/#website","url":"https:\/\/staging.huelightusa.com\/es\/","name":"Hue Light USA","description":"","publisher":{"@id":"https:\/\/staging.huelightusa.com\/es\/#organization"},"potentialAction":[{"@type":"SearchAction","target":{"@type":"EntryPoint","urlTemplate":"https:\/\/staging.huelightusa.com\/es\/?s={search_term_string}"},"query-input":{"@type":"PropertyValueSpecification","valueRequired":true,"valueName":"search_term_string"}}],"inLanguage":"es"},{"@type":"Organization","@id":"https:\/\/staging.huelightusa.com\/es\/#organization","name":"Hue Light USA","url":"https:\/\/staging.huelightusa.com\/es\/","logo":{"@type":"ImageObject","inLanguage":"es","@id":"https:\/\/staging.huelightusa.com\/es\/#\/schema\/logo\/image\/","url":"https:\/\/staging.huelightusa.com\/wp-content\/uploads\/2024\/04\/HueLightUSA_Logo.png","contentUrl":"https:\/\/staging.huelightusa.com\/wp-content\/uploads\/2024\/04\/HueLightUSA_Logo.png","width":862,"height":169,"caption":"Hue Light USA"},"image":{"@id":"https:\/\/staging.huelightusa.com\/es\/#\/schema\/logo\/image\/"}}]}},"_links":{"self":[{"href":"https:\/\/staging.huelightusa.com\/es\/wp-json\/wp\/v2\/product\/18464","targetHints":{"allow":["GET"]}}],"collection":[{"href":"https:\/\/staging.huelightusa.com\/es\/wp-json\/wp\/v2\/product"}],"about":[{"href":"https:\/\/staging.huelightusa.com\/es\/wp-json\/wp\/v2\/types\/product"}],"replies":[{"embeddable":true,"href":"https:\/\/staging.huelightusa.com\/es\/wp-json\/wp\/v2\/comments?post=18464"}],"wp:featuredmedia":[{"embeddable":true,"href":"https:\/\/staging.huelightusa.com\/es\/wp-json\/wp\/v2\/media\/22726"}],"wp:attachment":[{"href":"https:\/\/staging.huelightusa.com\/es\/wp-json\/wp\/v2\/media?parent=18464"}],"wp:term":[{"taxonomy":"product_brand","embeddable":true,"href":"https:\/\/staging.huelightusa.com\/es\/wp-json\/wp\/v2\/product_brand?post=18464"},{"taxonomy":"product_cat","embeddable":true,"href":"https:\/\/staging.huelightusa.com\/es\/wp-json\/wp\/v2\/product_cat?post=18464"},{"taxonomy":"product_tag","embeddable":true,"href":"https:\/\/staging.huelightusa.com\/es\/wp-json\/wp\/v2\/product_tag?post=18464"}],"curies":[{"name":"wp","href":"https:\/\/api.w.org\/{rel}","templated":true}]}}