{"id":18472,"date":"2024-04-18T12:03:50","date_gmt":"2024-04-18T12:03:50","guid":{"rendered":"https:\/\/staging.huelightusa.com\/product\/generador-de-spa-de-hidrogeno-con-nanoburbujas-hm-spa500\/"},"modified":"2024-12-23T10:56:35","modified_gmt":"2024-12-23T10:56:35","slug":"generador-de-spa-de-hidrogeno-con-nanoburbujas-hm-spa500","status":"publish","type":"product","link":"https:\/\/staging.huelightusa.com\/es\/producto\/generador-de-spa-de-hidrogeno-con-nanoburbujas-hm-spa500\/","title":{"rendered":"Generador de SPA de hidr\u00f3geno con nanoburbujas HM-Spa 500"},"content":{"rendered":"<h2><b>\u00bfQu\u00e9 son las nanoburbujas de hidr\u00f3geno? <\/b><\/h2>\n<p>Las nanoburbujas son burbujas diminutas, cada una aproximadamente 2500 veces m\u00e1s peque\u00f1a que un grano de sal. Puede agregar nanoburbujas al agua de ba\u00f1o tradicional utilizando un generador de nanoburbujas de hidr\u00f3geno. Los ba\u00f1os de hidr\u00f3geno se pueden utilizar para ayudar a aumentar los niveles de hidr\u00f3geno en el cuerpo, que es un poderoso agente antioxidante y antiinflamatorio, y tambi\u00e9n es una forma de experimentar la <a href=\"https:\/\/staging.huelightusa.com\/what-is-hydrogen-therapy\/\">terapia con hidr\u00f3geno molecular<\/a>.<\/p>\n<p>Dado que el hidr\u00f3geno es el antioxidante m\u00e1s peque\u00f1o y puro que existe, puede penetrar f\u00e1cilmente en nuestras c\u00e9lulas. All\u00ed, interact\u00faa con las mitocondrias de la c\u00e9lula, el centro de energ\u00eda de la c\u00e9lula, y proporciona una defensa antioxidante para neutralizar los radicales libres. Este proceso detiene la disfunci\u00f3n celular y estimula a estas c\u00e9lulas a funcionar de manera saludable.<\/p>\n<p><a href=\"https:\/\/staging.huelightusa.com\/hydrogen-bath-benefits\/\">Ba\u00f1o de agua de hidr\u00f3geno<\/a> es una t\u00e9cnica m\u00e1s reciente para experimentar la terapia con hidr\u00f3geno y ofrece una administraci\u00f3n de gas H2 dirigida a la piel, segura y no invasiva. Seg\u00fan la absorci\u00f3n de radicales de ox\u00edgeno y los niveles inflamatorios en el suero humano, un ba\u00f1o rico en hidr\u00f3geno con nanoburbujas puede mejorar la capacidad antioxidante. Nuestro dispositivo se coloca en una ba\u00f1era y produce hidr\u00f3geno.<\/p>\n<h2><b>Usos previstos del generador de nanoburbujas para ba\u00f1os de hidr\u00f3geno: <\/b><\/h2>\n<ul>\n<li style=\"list-style-type: disc; color: #222;\">Picaz\u00f3n en la piel debido a s\u00edntomas similares a los de la at\u00f3pica.<\/li>\n<li style=\"list-style-type: disc; color: #222;\">Piel seca y \u00e1spera con muchas c\u00e9lulas muertas.<\/li>\n<li style=\"list-style-type: disc; color: #222;\">Piel sensible con problemas cut\u00e1neos frecuentes.<\/li>\n<li style=\"list-style-type: disc; color: #222;\">Piel con muchos residuos en los poros como consecuencia de la exposici\u00f3n excesiva al polvo fino y la contaminaci\u00f3n ambiental.<\/li>\n<li style=\"list-style-type: disc; color: #222;\">Piel seborreica que segrega mucho sebo de forma habitual<\/li>\n<li style=\"list-style-type: disc; color: #222;\">Un cuero cabelludo con mucha caspa y c\u00e9lulas muertas<\/li>\n<li style=\"list-style-type: disc; color: #222;\">Cuero cabelludo seborreico, graso y preocupaci\u00f3n por la ca\u00edda del cabello<\/li>\n<\/ul>\n<h2><b>Nuestro generador de nanoburbujas de hidr\u00f3geno puede ser potencialmente ideal para quienes padecen: <\/b><\/h2>\n<ul>\n<li style=\"list-style-type: disc; color: #222;\">Caspa y c\u00e9lulas muertas de la piel.<\/li>\n<li style=\"list-style-type: disc; color: #222;\">Piel seborreica<\/li>\n<li style=\"list-style-type: disc; color: #222;\">Sebo excesivo<\/li>\n<\/ul>\n<h2><b>Efectos del cabezal de ducha con filtro:<\/b><\/h2>\n<ul>\n<li style=\"list-style-type: disc; color: #222;\">Eliminaci\u00f3n de residuos<\/li>\n<li style=\"list-style-type: disc; color: #222;\">Eliminaci\u00f3n de \u00f3xido<\/li>\n<li style=\"list-style-type: disc; color: #222;\">Eliminaci\u00f3n de escala<\/li>\n<\/ul>\n<p><a style=\"color: #bb8e54; font-size: 18px; display: inline-block; margin-top: 20px;\" href=\"\/cited-resources\/\" target=\"_blank\" rel=\"noopener\"><b>Recursos citados<\/b><\/a><\/p>\n","protected":false},"excerpt":{"rendered":"<p><span class=\"product-title\">Generador de SPA de hidr\u00f3geno con nanoburbujas HM-SPA500<\/span><br \/>\nExperimente ba\u00f1os de hidr\u00f3geno rejuvenecedores, similares a los de un spa, en la comodidad de su hogar con nuestro generador de nanoburbujas de hidr\u00f3geno. Este dispositivo genera nanoburbujas de hidr\u00f3geno, que son peque\u00f1as burbujas de gas hidr\u00f3geno, y transforma el agua del grifo en un revitalizante ba\u00f1o de hidr\u00f3geno. Ba\u00f1arse en agua con hidr\u00f3geno se puede utilizar para restaurar, relajar y reparar el cuerpo y puede dar como resultado una piel m\u00e1s suave y firme.<\/p>\n","protected":false},"featured_media":22029,"comment_status":"closed","ping_status":"closed","template":"","meta":{"_acf_changed":false},"product_brand":[],"product_cat":[205,200],"product_tag":[],"class_list":{"0":"post-18472","1":"product","2":"type-product","3":"status-publish","4":"has-post-thumbnail","6":"product_cat-hogar","7":"product_cat-productos","9":"first","10":"instock","11":"shipping-taxable","12":"purchasable","13":"product-type-simple"},"acf":[],"yoast_head":"<!-- This site is optimized with the Yoast SEO Premium plugin v22.8 (Yoast SEO v25.3.1) - https:\/\/yoast.com\/wordpress\/plugins\/seo\/ -->\n<title>Generador de nanoburbujas de hidr\u00f3geno - HM-Spa 500 | Luz Hue EE.UU.<\/title>\n<meta name=\"description\" content=\"Experimenta refrescantes ba\u00f1os de hidr\u00f3geno en casa. Nuestro generador de Nanoburbujas de Hidr\u00f3geno transforma los ba\u00f1os en un spa de hidr\u00f3geno hidratante y desintoxicante. Obtenga una cotizaci\u00f3n hoy.\" \/>\n<meta name=\"robots\" content=\"noindex, follow, max-snippet:-1, max-image-preview:large, max-video-preview:-1\" \/>\n<meta property=\"og:locale\" content=\"es_ES\" \/>\n<meta property=\"og:type\" content=\"article\" \/>\n<meta property=\"og:title\" content=\"Generador de SPA de hidr\u00f3geno con nanoburbujas HM-Spa 500\" \/>\n<meta property=\"og:description\" content=\"Experimenta refrescantes ba\u00f1os de hidr\u00f3geno en casa. Nuestro generador de Nanoburbujas de Hidr\u00f3geno transforma los ba\u00f1os en un spa de hidr\u00f3geno hidratante y desintoxicante. Obtenga una cotizaci\u00f3n hoy.\" \/>\n<meta property=\"og:url\" content=\"https:\/\/staging.huelightusa.com\/es\/producto\/generador-de-spa-de-hidrogeno-con-nanoburbujas-hm-spa500\/\" \/>\n<meta property=\"og:site_name\" content=\"Hue Light USA\" \/>\n<meta property=\"article:modified_time\" content=\"2024-12-23T10:56:35+00:00\" \/>\n<meta property=\"og:image\" content=\"https:\/\/staging.huelightusa.com\/wp-content\/uploads\/2024\/04\/2-3.png\" \/>\n\t<meta property=\"og:image:width\" content=\"600\" \/>\n\t<meta property=\"og:image:height\" content=\"550\" \/>\n\t<meta property=\"og:image:type\" content=\"image\/png\" \/>\n<meta name=\"twitter:card\" content=\"summary_large_image\" \/>\n<meta name=\"twitter:label1\" content=\"Est. reading time\" \/>\n\t<meta name=\"twitter:data1\" content=\"2 minutos\" \/>\n<script type=\"application\/ld+json\" class=\"yoast-schema-graph\">{\"@context\":\"https:\/\/schema.org\",\"@graph\":[{\"@type\":\"WebPage\",\"@id\":\"https:\/\/staging.huelightusa.com\/es\/producto\/generador-de-spa-de-hidrogeno-con-nanoburbujas-hm-spa500\/\",\"url\":\"https:\/\/staging.huelightusa.com\/es\/producto\/generador-de-spa-de-hidrogeno-con-nanoburbujas-hm-spa500\/\",\"name\":\"Generador de nanoburbujas de hidr\u00f3geno - HM-Spa 500 | Luz Hue EE.UU.\",\"isPartOf\":{\"@id\":\"https:\/\/staging.huelightusa.com\/es\/#website\"},\"primaryImageOfPage\":{\"@id\":\"https:\/\/staging.huelightusa.com\/es\/producto\/generador-de-spa-de-hidrogeno-con-nanoburbujas-hm-spa500\/#primaryimage\"},\"image\":{\"@id\":\"https:\/\/staging.huelightusa.com\/es\/producto\/generador-de-spa-de-hidrogeno-con-nanoburbujas-hm-spa500\/#primaryimage\"},\"thumbnailUrl\":\"https:\/\/staging.huelightusa.com\/wp-content\/uploads\/2024\/04\/2-3.png\",\"datePublished\":\"2024-04-18T12:03:50+00:00\",\"dateModified\":\"2024-12-23T10:56:35+00:00\",\"description\":\"Experimenta refrescantes ba\u00f1os de hidr\u00f3geno en casa. Nuestro generador de Nanoburbujas de Hidr\u00f3geno transforma los ba\u00f1os en un spa de hidr\u00f3geno hidratante y desintoxicante. Obtenga una cotizaci\u00f3n hoy.\",\"breadcrumb\":{\"@id\":\"https:\/\/staging.huelightusa.com\/es\/producto\/generador-de-spa-de-hidrogeno-con-nanoburbujas-hm-spa500\/#breadcrumb\"},\"inLanguage\":\"es\",\"potentialAction\":[{\"@type\":\"ReadAction\",\"target\":[\"https:\/\/staging.huelightusa.com\/es\/producto\/generador-de-spa-de-hidrogeno-con-nanoburbujas-hm-spa500\/\"]}]},{\"@type\":\"ImageObject\",\"inLanguage\":\"es\",\"@id\":\"https:\/\/staging.huelightusa.com\/es\/producto\/generador-de-spa-de-hidrogeno-con-nanoburbujas-hm-spa500\/#primaryimage\",\"url\":\"https:\/\/staging.huelightusa.com\/wp-content\/uploads\/2024\/04\/2-3.png\",\"contentUrl\":\"https:\/\/staging.huelightusa.com\/wp-content\/uploads\/2024\/04\/2-3.png\",\"width\":600,\"height\":550},{\"@type\":\"BreadcrumbList\",\"@id\":\"https:\/\/staging.huelightusa.com\/es\/producto\/generador-de-spa-de-hidrogeno-con-nanoburbujas-hm-spa500\/#breadcrumb\",\"itemListElement\":[{\"@type\":\"ListItem\",\"position\":1,\"name\":\"Home\",\"item\":\"https:\/\/staging.huelightusa.com\/es\/\"},{\"@type\":\"ListItem\",\"position\":2,\"name\":\"Productos\",\"item\":\"https:\/\/staging.huelightusa.com\/es\/productos\/\"},{\"@type\":\"ListItem\",\"position\":3,\"name\":\"Generador de SPA de hidr\u00f3geno con nanoburbujas HM-Spa 500\"}]},{\"@type\":\"WebSite\",\"@id\":\"https:\/\/staging.huelightusa.com\/es\/#website\",\"url\":\"https:\/\/staging.huelightusa.com\/es\/\",\"name\":\"Hue Light USA\",\"description\":\"\",\"publisher\":{\"@id\":\"https:\/\/staging.huelightusa.com\/es\/#organization\"},\"potentialAction\":[{\"@type\":\"SearchAction\",\"target\":{\"@type\":\"EntryPoint\",\"urlTemplate\":\"https:\/\/staging.huelightusa.com\/es\/?s={search_term_string}\"},\"query-input\":{\"@type\":\"PropertyValueSpecification\",\"valueRequired\":true,\"valueName\":\"search_term_string\"}}],\"inLanguage\":\"es\"},{\"@type\":\"Organization\",\"@id\":\"https:\/\/staging.huelightusa.com\/es\/#organization\",\"name\":\"Hue Light USA\",\"url\":\"https:\/\/staging.huelightusa.com\/es\/\",\"logo\":{\"@type\":\"ImageObject\",\"inLanguage\":\"es\",\"@id\":\"https:\/\/staging.huelightusa.com\/es\/#\/schema\/logo\/image\/\",\"url\":\"https:\/\/staging.huelightusa.com\/wp-content\/uploads\/2024\/04\/HueLightUSA_Logo.png\",\"contentUrl\":\"https:\/\/staging.huelightusa.com\/wp-content\/uploads\/2024\/04\/HueLightUSA_Logo.png\",\"width\":862,\"height\":169,\"caption\":\"Hue Light USA\"},\"image\":{\"@id\":\"https:\/\/staging.huelightusa.com\/es\/#\/schema\/logo\/image\/\"}}]}<\/script>\n<!-- \/ Yoast SEO Premium plugin. -->","yoast_head_json":{"title":"Generador de nanoburbujas de hidr\u00f3geno - HM-Spa 500 | Luz Hue EE.UU.","description":"Experimenta refrescantes ba\u00f1os de hidr\u00f3geno en casa. Nuestro generador de Nanoburbujas de Hidr\u00f3geno transforma los ba\u00f1os en un spa de hidr\u00f3geno hidratante y desintoxicante. Obtenga una cotizaci\u00f3n hoy.","robots":{"index":"noindex","follow":"follow","max-snippet":"max-snippet:-1","max-image-preview":"max-image-preview:large","max-video-preview":"max-video-preview:-1"},"og_locale":"es_ES","og_type":"article","og_title":"Generador de SPA de hidr\u00f3geno con nanoburbujas HM-Spa 500","og_description":"Experimenta refrescantes ba\u00f1os de hidr\u00f3geno en casa. Nuestro generador de Nanoburbujas de Hidr\u00f3geno transforma los ba\u00f1os en un spa de hidr\u00f3geno hidratante y desintoxicante. Obtenga una cotizaci\u00f3n hoy.","og_url":"https:\/\/staging.huelightusa.com\/es\/producto\/generador-de-spa-de-hidrogeno-con-nanoburbujas-hm-spa500\/","og_site_name":"Hue Light USA","article_modified_time":"2024-12-23T10:56:35+00:00","og_image":[{"width":600,"height":550,"url":"https:\/\/staging.huelightusa.com\/wp-content\/uploads\/2024\/04\/2-3.png","type":"image\/png"}],"twitter_card":"summary_large_image","twitter_misc":{"Est. reading time":"2 minutos"},"schema":{"@context":"https:\/\/schema.org","@graph":[{"@type":"WebPage","@id":"https:\/\/staging.huelightusa.com\/es\/producto\/generador-de-spa-de-hidrogeno-con-nanoburbujas-hm-spa500\/","url":"https:\/\/staging.huelightusa.com\/es\/producto\/generador-de-spa-de-hidrogeno-con-nanoburbujas-hm-spa500\/","name":"Generador de nanoburbujas de hidr\u00f3geno - HM-Spa 500 | Luz Hue EE.UU.","isPartOf":{"@id":"https:\/\/staging.huelightusa.com\/es\/#website"},"primaryImageOfPage":{"@id":"https:\/\/staging.huelightusa.com\/es\/producto\/generador-de-spa-de-hidrogeno-con-nanoburbujas-hm-spa500\/#primaryimage"},"image":{"@id":"https:\/\/staging.huelightusa.com\/es\/producto\/generador-de-spa-de-hidrogeno-con-nanoburbujas-hm-spa500\/#primaryimage"},"thumbnailUrl":"https:\/\/staging.huelightusa.com\/wp-content\/uploads\/2024\/04\/2-3.png","datePublished":"2024-04-18T12:03:50+00:00","dateModified":"2024-12-23T10:56:35+00:00","description":"Experimenta refrescantes ba\u00f1os de hidr\u00f3geno en casa. Nuestro generador de Nanoburbujas de Hidr\u00f3geno transforma los ba\u00f1os en un spa de hidr\u00f3geno hidratante y desintoxicante. Obtenga una cotizaci\u00f3n hoy.","breadcrumb":{"@id":"https:\/\/staging.huelightusa.com\/es\/producto\/generador-de-spa-de-hidrogeno-con-nanoburbujas-hm-spa500\/#breadcrumb"},"inLanguage":"es","potentialAction":[{"@type":"ReadAction","target":["https:\/\/staging.huelightusa.com\/es\/producto\/generador-de-spa-de-hidrogeno-con-nanoburbujas-hm-spa500\/"]}]},{"@type":"ImageObject","inLanguage":"es","@id":"https:\/\/staging.huelightusa.com\/es\/producto\/generador-de-spa-de-hidrogeno-con-nanoburbujas-hm-spa500\/#primaryimage","url":"https:\/\/staging.huelightusa.com\/wp-content\/uploads\/2024\/04\/2-3.png","contentUrl":"https:\/\/staging.huelightusa.com\/wp-content\/uploads\/2024\/04\/2-3.png","width":600,"height":550},{"@type":"BreadcrumbList","@id":"https:\/\/staging.huelightusa.com\/es\/producto\/generador-de-spa-de-hidrogeno-con-nanoburbujas-hm-spa500\/#breadcrumb","itemListElement":[{"@type":"ListItem","position":1,"name":"Home","item":"https:\/\/staging.huelightusa.com\/es\/"},{"@type":"ListItem","position":2,"name":"Productos","item":"https:\/\/staging.huelightusa.com\/es\/productos\/"},{"@type":"ListItem","position":3,"name":"Generador de SPA de hidr\u00f3geno con nanoburbujas HM-Spa 500"}]},{"@type":"WebSite","@id":"https:\/\/staging.huelightusa.com\/es\/#website","url":"https:\/\/staging.huelightusa.com\/es\/","name":"Hue Light USA","description":"","publisher":{"@id":"https:\/\/staging.huelightusa.com\/es\/#organization"},"potentialAction":[{"@type":"SearchAction","target":{"@type":"EntryPoint","urlTemplate":"https:\/\/staging.huelightusa.com\/es\/?s={search_term_string}"},"query-input":{"@type":"PropertyValueSpecification","valueRequired":true,"valueName":"search_term_string"}}],"inLanguage":"es"},{"@type":"Organization","@id":"https:\/\/staging.huelightusa.com\/es\/#organization","name":"Hue Light USA","url":"https:\/\/staging.huelightusa.com\/es\/","logo":{"@type":"ImageObject","inLanguage":"es","@id":"https:\/\/staging.huelightusa.com\/es\/#\/schema\/logo\/image\/","url":"https:\/\/staging.huelightusa.com\/wp-content\/uploads\/2024\/04\/HueLightUSA_Logo.png","contentUrl":"https:\/\/staging.huelightusa.com\/wp-content\/uploads\/2024\/04\/HueLightUSA_Logo.png","width":862,"height":169,"caption":"Hue Light USA"},"image":{"@id":"https:\/\/staging.huelightusa.com\/es\/#\/schema\/logo\/image\/"}}]}},"_links":{"self":[{"href":"https:\/\/staging.huelightusa.com\/es\/wp-json\/wp\/v2\/product\/18472","targetHints":{"allow":["GET"]}}],"collection":[{"href":"https:\/\/staging.huelightusa.com\/es\/wp-json\/wp\/v2\/product"}],"about":[{"href":"https:\/\/staging.huelightusa.com\/es\/wp-json\/wp\/v2\/types\/product"}],"replies":[{"embeddable":true,"href":"https:\/\/staging.huelightusa.com\/es\/wp-json\/wp\/v2\/comments?post=18472"}],"wp:featuredmedia":[{"embeddable":true,"href":"https:\/\/staging.huelightusa.com\/es\/wp-json\/wp\/v2\/media\/22029"}],"wp:attachment":[{"href":"https:\/\/staging.huelightusa.com\/es\/wp-json\/wp\/v2\/media?parent=18472"}],"wp:term":[{"taxonomy":"product_brand","embeddable":true,"href":"https:\/\/staging.huelightusa.com\/es\/wp-json\/wp\/v2\/product_brand?post=18472"},{"taxonomy":"product_cat","embeddable":true,"href":"https:\/\/staging.huelightusa.com\/es\/wp-json\/wp\/v2\/product_cat?post=18472"},{"taxonomy":"product_tag","embeddable":true,"href":"https:\/\/staging.huelightusa.com\/es\/wp-json\/wp\/v2\/product_tag?post=18472"}],"curies":[{"name":"wp","href":"https:\/\/api.w.org\/{rel}","templated":true}]}}