{"id":18482,"date":"2024-04-18T12:03:50","date_gmt":"2024-04-18T12:03:50","guid":{"rendered":"https:\/\/staging.huelightusa.com\/product\/litewater-agua-empobrecida-en-deuterio\/"},"modified":"2024-06-27T07:07:48","modified_gmt":"2024-06-27T07:07:48","slug":"agua-ligera","status":"publish","type":"product","link":"https:\/\/staging.huelightusa.com\/es\/producto\/agua-ligera\/","title":{"rendered":"agua ligera \u2013 Agua empobrecida en deuterio"},"content":{"rendered":"<h2>Una descripci\u00f3n general del agua empobrecida en deuterio de agua ligera<\/h2>\n<p>El deuterio es un is\u00f3topo de hidr\u00f3geno que pesa el doble, por lo que cuando un deuterio reemplaza uno o ambos hidr\u00f3genos normales en el agua, el agua con deuterio se llama \u00abagua pesada\u00bb. Debido al peso del deuterio, no pasa a trav\u00e9s de la ATPasa tan f\u00e1cilmente como el hidr\u00f3geno normal. Como resultado, esto obstruye el sistema de producci\u00f3n de energ\u00eda, reduce la energ\u00eda y provoca un desgaste indebido de los nanomotores ATPasa. El agua dentro de las mitocondrias est\u00e1 empobrecida en deuterio, y este es el terreno necesario dentro de la c\u00e9lula, pero todos los d\u00edas reemplazamos nuestra agua metab\u00f3lica altamente estructurada que perdemos con agua a granel estructurada no cristalina que tiene en promedio 150 ppm de deuterio. Nuestros cuerpos soportan la carga de filtrar el deuterio y todo lo dem\u00e1s para descomponerlo y reformarlo desde cero como H2O cristalino puro. Esto requiere una enorme energ\u00eda y, en \u00faltima instancia, nuestro sistema se sobrecarga, y esta es una de las principales razones del envejecimiento f\u00edsico. Seg\u00fan el Dr. Somylai, un cient\u00edfico investigador del agotamiento del deuterio de m\u00e1s de 30 a\u00f1os en Hungr\u00eda con m\u00e1s de 2000 estudios de casos, cuanto m\u00e1s deuterio hay en el cuerpo, mayor es el riesgo de c\u00e1ncer. Para estudios cient\u00edficos, de investigaci\u00f3n y cl\u00ednicos, visite deuteriumdepletion.org <\/p>\n<p><a href=\"\/cited-resources\/\" target=\"_blank\" rel=\"noopener\" style=\"color:#bb8e54; font-size: 18px; display: inline-block; margin-top: 20px;\"><b>Recursos citados<\/b><\/a><\/p>\n","protected":false},"excerpt":{"rendered":"<p><span class=\"product-title\">agua ligera \u2013 Agua empobrecida en deuterio<\/span><br \/>\nagua ligeraes un complemento innovador de los productos de terapia con luz Hue que proporciona el beneficio mitocondrial del agotamiento del deuterio y, al igual que nuestro <a href=\"https:\/\/staging.huelightusa.com\/product\/space-energy-device\/\">dispositivo de energ\u00eda espacial<\/a> y nuestro dispositivo de irradiaci\u00f3n mamaria, es una potente intervenci\u00f3n de siguiente nivel basada en d\u00e9cadas de investigaci\u00f3n y eficacia s\u00f3lidas. El agua empobrecida en deuterio (DDW) de agua ligera es apta para todas las edades y se puede consumir a diario como cualquier otra agua potable. Reemplazar el agua regular con agua ligeraDDW reducir\u00e1 los niveles de deuterio del cuerpo con el tiempo. El agotamiento del deuterio es conocido principalmente por ayudar a ralentizar el proceso de envejecimiento y aumentar la energ\u00eda celular, especialmente para la reparaci\u00f3n. Seg\u00fan los cient\u00edficos, al estudiar las causas del envejecimiento, se descubri\u00f3 que incluso cuando se elimina una peque\u00f1a cantidad de deuterio (conocida como \u201cagua pesada\u201d) del agua normal, se obtienen importantes beneficios para la salud. El exceso de deuterio interfiere con todos los procesos biol\u00f3gicos y se sabe que da\u00f1a las mitocondrias con el tiempo. Sin embargo, beber agua ligera 10 PPM DDW en cantidades adecuadas le brinda la oportunidad de reducir la carga corporal total de deuterio.<\/p>\n","protected":false},"featured_media":792,"comment_status":"closed","ping_status":"closed","template":"","meta":{"_acf_changed":false},"product_brand":[],"product_cat":[205,200],"product_tag":[],"class_list":{"0":"post-18482","1":"product","2":"type-product","3":"status-publish","4":"has-post-thumbnail","6":"product_cat-hogar","7":"product_cat-productos","9":"first","10":"outofstock","11":"shipping-taxable","12":"purchasable","13":"product-type-simple"},"acf":[],"yoast_head":"<!-- This site is optimized with the Yoast SEO Premium plugin v22.8 (Yoast SEO v25.3.1) - https:\/\/yoast.com\/wordpress\/plugins\/seo\/ -->\n<title>agua ligera - Agua empobrecida en deuterio (DDW) | Luz Hue EE.UU.<\/title>\n<meta name=\"description\" content=\"Compre agua ligera, agua empobrecida en deterium (DDW), de Hue Light USA. Utilice DDW para aumentar la inmunidad, desintoxicarse y mejorar el estado de \u00e1nimo. P\u00f3ngase en contacto con nuestro equipo para obtener m\u00e1s informaci\u00f3n.\" \/>\n<meta name=\"robots\" content=\"noindex, follow, max-snippet:-1, max-image-preview:large, max-video-preview:-1\" \/>\n<meta property=\"og:locale\" content=\"es_ES\" \/>\n<meta property=\"og:type\" content=\"article\" \/>\n<meta property=\"og:title\" content=\"agua ligera \u2013 Agua empobrecida en deuterio\" \/>\n<meta property=\"og:description\" content=\"Compre agua ligera, agua empobrecida en deterium (DDW), de Hue Light USA. Utilice DDW para aumentar la inmunidad, desintoxicarse y mejorar el estado de \u00e1nimo. P\u00f3ngase en contacto con nuestro equipo para obtener m\u00e1s informaci\u00f3n.\" \/>\n<meta property=\"og:url\" content=\"https:\/\/staging.huelightusa.com\/es\/producto\/agua-ligera\/\" \/>\n<meta property=\"og:site_name\" content=\"Hue Light USA\" \/>\n<meta property=\"article:modified_time\" content=\"2024-06-27T07:07:48+00:00\" \/>\n<meta property=\"og:image\" content=\"https:\/\/staging.huelightusa.com\/wp-content\/uploads\/2024\/04\/Litewater-10ppm-1.webp\" \/>\n\t<meta property=\"og:image:width\" content=\"770\" \/>\n\t<meta property=\"og:image:height\" content=\"910\" \/>\n\t<meta property=\"og:image:type\" content=\"image\/webp\" \/>\n<meta name=\"twitter:card\" content=\"summary_large_image\" \/>\n<meta name=\"twitter:label1\" content=\"Est. reading time\" \/>\n\t<meta name=\"twitter:data1\" content=\"2 minutos\" \/>\n<script type=\"application\/ld+json\" class=\"yoast-schema-graph\">{\"@context\":\"https:\/\/schema.org\",\"@graph\":[{\"@type\":\"WebPage\",\"@id\":\"https:\/\/staging.huelightusa.com\/es\/producto\/agua-ligera\/\",\"url\":\"https:\/\/staging.huelightusa.com\/es\/producto\/agua-ligera\/\",\"name\":\"agua ligera - Agua empobrecida en deuterio (DDW) | Luz Hue EE.UU.\",\"isPartOf\":{\"@id\":\"https:\/\/staging.huelightusa.com\/es\/#website\"},\"primaryImageOfPage\":{\"@id\":\"https:\/\/staging.huelightusa.com\/es\/producto\/agua-ligera\/#primaryimage\"},\"image\":{\"@id\":\"https:\/\/staging.huelightusa.com\/es\/producto\/agua-ligera\/#primaryimage\"},\"thumbnailUrl\":\"https:\/\/staging.huelightusa.com\/wp-content\/uploads\/2024\/04\/Litewater-10ppm-1.webp\",\"datePublished\":\"2024-04-18T12:03:50+00:00\",\"dateModified\":\"2024-06-27T07:07:48+00:00\",\"description\":\"Compre agua ligera, agua empobrecida en deterium (DDW), de Hue Light USA. Utilice DDW para aumentar la inmunidad, desintoxicarse y mejorar el estado de \u00e1nimo. P\u00f3ngase en contacto con nuestro equipo para obtener m\u00e1s informaci\u00f3n.\",\"breadcrumb\":{\"@id\":\"https:\/\/staging.huelightusa.com\/es\/producto\/agua-ligera\/#breadcrumb\"},\"inLanguage\":\"es\",\"potentialAction\":[{\"@type\":\"ReadAction\",\"target\":[\"https:\/\/staging.huelightusa.com\/es\/producto\/agua-ligera\/\"]}]},{\"@type\":\"ImageObject\",\"inLanguage\":\"es\",\"@id\":\"https:\/\/staging.huelightusa.com\/es\/producto\/agua-ligera\/#primaryimage\",\"url\":\"https:\/\/staging.huelightusa.com\/wp-content\/uploads\/2024\/04\/Litewater-10ppm-1.webp\",\"contentUrl\":\"https:\/\/staging.huelightusa.com\/wp-content\/uploads\/2024\/04\/Litewater-10ppm-1.webp\",\"width\":770,\"height\":910},{\"@type\":\"BreadcrumbList\",\"@id\":\"https:\/\/staging.huelightusa.com\/es\/producto\/agua-ligera\/#breadcrumb\",\"itemListElement\":[{\"@type\":\"ListItem\",\"position\":1,\"name\":\"Home\",\"item\":\"https:\/\/staging.huelightusa.com\/es\/\"},{\"@type\":\"ListItem\",\"position\":2,\"name\":\"Productos\",\"item\":\"https:\/\/staging.huelightusa.com\/es\/productos\/\"},{\"@type\":\"ListItem\",\"position\":3,\"name\":\"agua ligera \u2013 Agua empobrecida en deuterio\"}]},{\"@type\":\"WebSite\",\"@id\":\"https:\/\/staging.huelightusa.com\/es\/#website\",\"url\":\"https:\/\/staging.huelightusa.com\/es\/\",\"name\":\"Hue Light USA\",\"description\":\"\",\"publisher\":{\"@id\":\"https:\/\/staging.huelightusa.com\/es\/#organization\"},\"potentialAction\":[{\"@type\":\"SearchAction\",\"target\":{\"@type\":\"EntryPoint\",\"urlTemplate\":\"https:\/\/staging.huelightusa.com\/es\/?s={search_term_string}\"},\"query-input\":{\"@type\":\"PropertyValueSpecification\",\"valueRequired\":true,\"valueName\":\"search_term_string\"}}],\"inLanguage\":\"es\"},{\"@type\":\"Organization\",\"@id\":\"https:\/\/staging.huelightusa.com\/es\/#organization\",\"name\":\"Hue Light USA\",\"url\":\"https:\/\/staging.huelightusa.com\/es\/\",\"logo\":{\"@type\":\"ImageObject\",\"inLanguage\":\"es\",\"@id\":\"https:\/\/staging.huelightusa.com\/es\/#\/schema\/logo\/image\/\",\"url\":\"https:\/\/staging.huelightusa.com\/wp-content\/uploads\/2024\/04\/HueLightUSA_Logo.png\",\"contentUrl\":\"https:\/\/staging.huelightusa.com\/wp-content\/uploads\/2024\/04\/HueLightUSA_Logo.png\",\"width\":862,\"height\":169,\"caption\":\"Hue Light USA\"},\"image\":{\"@id\":\"https:\/\/staging.huelightusa.com\/es\/#\/schema\/logo\/image\/\"}}]}<\/script>\n<!-- \/ Yoast SEO Premium plugin. -->","yoast_head_json":{"title":"agua ligera - Agua empobrecida en deuterio (DDW) | Luz Hue EE.UU.","description":"Compre agua ligera, agua empobrecida en deterium (DDW), de Hue Light USA. Utilice DDW para aumentar la inmunidad, desintoxicarse y mejorar el estado de \u00e1nimo. P\u00f3ngase en contacto con nuestro equipo para obtener m\u00e1s informaci\u00f3n.","robots":{"index":"noindex","follow":"follow","max-snippet":"max-snippet:-1","max-image-preview":"max-image-preview:large","max-video-preview":"max-video-preview:-1"},"og_locale":"es_ES","og_type":"article","og_title":"agua ligera \u2013 Agua empobrecida en deuterio","og_description":"Compre agua ligera, agua empobrecida en deterium (DDW), de Hue Light USA. Utilice DDW para aumentar la inmunidad, desintoxicarse y mejorar el estado de \u00e1nimo. P\u00f3ngase en contacto con nuestro equipo para obtener m\u00e1s informaci\u00f3n.","og_url":"https:\/\/staging.huelightusa.com\/es\/producto\/agua-ligera\/","og_site_name":"Hue Light USA","article_modified_time":"2024-06-27T07:07:48+00:00","og_image":[{"width":770,"height":910,"url":"https:\/\/staging.huelightusa.com\/wp-content\/uploads\/2024\/04\/Litewater-10ppm-1.webp","type":"image\/webp"}],"twitter_card":"summary_large_image","twitter_misc":{"Est. reading time":"2 minutos"},"schema":{"@context":"https:\/\/schema.org","@graph":[{"@type":"WebPage","@id":"https:\/\/staging.huelightusa.com\/es\/producto\/agua-ligera\/","url":"https:\/\/staging.huelightusa.com\/es\/producto\/agua-ligera\/","name":"agua ligera - Agua empobrecida en deuterio (DDW) | Luz Hue EE.UU.","isPartOf":{"@id":"https:\/\/staging.huelightusa.com\/es\/#website"},"primaryImageOfPage":{"@id":"https:\/\/staging.huelightusa.com\/es\/producto\/agua-ligera\/#primaryimage"},"image":{"@id":"https:\/\/staging.huelightusa.com\/es\/producto\/agua-ligera\/#primaryimage"},"thumbnailUrl":"https:\/\/staging.huelightusa.com\/wp-content\/uploads\/2024\/04\/Litewater-10ppm-1.webp","datePublished":"2024-04-18T12:03:50+00:00","dateModified":"2024-06-27T07:07:48+00:00","description":"Compre agua ligera, agua empobrecida en deterium (DDW), de Hue Light USA. Utilice DDW para aumentar la inmunidad, desintoxicarse y mejorar el estado de \u00e1nimo. P\u00f3ngase en contacto con nuestro equipo para obtener m\u00e1s informaci\u00f3n.","breadcrumb":{"@id":"https:\/\/staging.huelightusa.com\/es\/producto\/agua-ligera\/#breadcrumb"},"inLanguage":"es","potentialAction":[{"@type":"ReadAction","target":["https:\/\/staging.huelightusa.com\/es\/producto\/agua-ligera\/"]}]},{"@type":"ImageObject","inLanguage":"es","@id":"https:\/\/staging.huelightusa.com\/es\/producto\/agua-ligera\/#primaryimage","url":"https:\/\/staging.huelightusa.com\/wp-content\/uploads\/2024\/04\/Litewater-10ppm-1.webp","contentUrl":"https:\/\/staging.huelightusa.com\/wp-content\/uploads\/2024\/04\/Litewater-10ppm-1.webp","width":770,"height":910},{"@type":"BreadcrumbList","@id":"https:\/\/staging.huelightusa.com\/es\/producto\/agua-ligera\/#breadcrumb","itemListElement":[{"@type":"ListItem","position":1,"name":"Home","item":"https:\/\/staging.huelightusa.com\/es\/"},{"@type":"ListItem","position":2,"name":"Productos","item":"https:\/\/staging.huelightusa.com\/es\/productos\/"},{"@type":"ListItem","position":3,"name":"agua ligera \u2013 Agua empobrecida en deuterio"}]},{"@type":"WebSite","@id":"https:\/\/staging.huelightusa.com\/es\/#website","url":"https:\/\/staging.huelightusa.com\/es\/","name":"Hue Light USA","description":"","publisher":{"@id":"https:\/\/staging.huelightusa.com\/es\/#organization"},"potentialAction":[{"@type":"SearchAction","target":{"@type":"EntryPoint","urlTemplate":"https:\/\/staging.huelightusa.com\/es\/?s={search_term_string}"},"query-input":{"@type":"PropertyValueSpecification","valueRequired":true,"valueName":"search_term_string"}}],"inLanguage":"es"},{"@type":"Organization","@id":"https:\/\/staging.huelightusa.com\/es\/#organization","name":"Hue Light USA","url":"https:\/\/staging.huelightusa.com\/es\/","logo":{"@type":"ImageObject","inLanguage":"es","@id":"https:\/\/staging.huelightusa.com\/es\/#\/schema\/logo\/image\/","url":"https:\/\/staging.huelightusa.com\/wp-content\/uploads\/2024\/04\/HueLightUSA_Logo.png","contentUrl":"https:\/\/staging.huelightusa.com\/wp-content\/uploads\/2024\/04\/HueLightUSA_Logo.png","width":862,"height":169,"caption":"Hue Light USA"},"image":{"@id":"https:\/\/staging.huelightusa.com\/es\/#\/schema\/logo\/image\/"}}]}},"_links":{"self":[{"href":"https:\/\/staging.huelightusa.com\/es\/wp-json\/wp\/v2\/product\/18482","targetHints":{"allow":["GET"]}}],"collection":[{"href":"https:\/\/staging.huelightusa.com\/es\/wp-json\/wp\/v2\/product"}],"about":[{"href":"https:\/\/staging.huelightusa.com\/es\/wp-json\/wp\/v2\/types\/product"}],"replies":[{"embeddable":true,"href":"https:\/\/staging.huelightusa.com\/es\/wp-json\/wp\/v2\/comments?post=18482"}],"wp:featuredmedia":[{"embeddable":true,"href":"https:\/\/staging.huelightusa.com\/es\/wp-json\/wp\/v2\/media\/792"}],"wp:attachment":[{"href":"https:\/\/staging.huelightusa.com\/es\/wp-json\/wp\/v2\/media?parent=18482"}],"wp:term":[{"taxonomy":"product_brand","embeddable":true,"href":"https:\/\/staging.huelightusa.com\/es\/wp-json\/wp\/v2\/product_brand?post=18482"},{"taxonomy":"product_cat","embeddable":true,"href":"https:\/\/staging.huelightusa.com\/es\/wp-json\/wp\/v2\/product_cat?post=18482"},{"taxonomy":"product_tag","embeddable":true,"href":"https:\/\/staging.huelightusa.com\/es\/wp-json\/wp\/v2\/product_tag?post=18482"}],"curies":[{"name":"wp","href":"https:\/\/api.w.org\/{rel}","templated":true}]}}