{"id":18483,"date":"2024-04-18T12:03:50","date_gmt":"2024-04-18T12:03:50","guid":{"rendered":"https:\/\/staging.huelightusa.com\/product\/dispositivo-de-vibracion-sonix-sonicwave\/"},"modified":"2024-06-28T14:14:59","modified_gmt":"2024-06-28T14:14:59","slug":"dispositivo-de-vibracion-sonix-sonicwave","status":"publish","type":"product","link":"https:\/\/staging.huelightusa.com\/es\/producto\/dispositivo-de-vibracion-sonix-sonicwave\/","title":{"rendered":"Dispositivo de vibraci\u00f3n Sonix Sonicwave"},"content":{"rendered":"<h2>\u00bfQu\u00e9 es la terapia de vibraci\u00f3n Sonix Sonicwave?<\/h2>\n<p>La <a href=\"https:\/\/staging.huelightusa.com\/exploring-vibration-therapy-definition-uses-and-key-benefits\/\">terapia de vibraci\u00f3n<\/a> s\u00f3nica es una terapia natural y no invasiva. Durante una sesi\u00f3n de terapia de vibraci\u00f3n, la energ\u00eda de las ondas se distribuye por todo el cuerpo, suavizando los ligamentos y tendones que son dif\u00edciles de estimular (incluso los m\u00fasculos m\u00e1s peque\u00f1os de la cara y el interior de la pelvis) mediante el ejercicio regular.<\/p>\n<p>La terapia de vibraci\u00f3n funciona estimulando poderosas contracciones musculares que imitan los tipos de contracciones causadas por el ejercicio tradicional. Los efectos sin\u00e9rgicos ocurren cuando la terapia de vibraci\u00f3n de ondas s\u00f3nicas se combina con entrenamiento de potencia previo y\/o <a href=\"https:\/\/staging.huelightusa.com\/product\/whole-body-photobiomodulation-pbm-chamber\/\">terapia PBM de cuerpo entero<\/a>, terapia de inhalaci\u00f3n de hidr\u00f3geno molecular y terapia de ox\u00edgeno hiperb\u00e1rico.<br \/>\n<a style=\"color: #bb8e54; font-size: 18px; display: inline-block; margin-top: 20px;\" href=\"\/cited-resources\/\" target=\"_blank\" rel=\"noopener\"><b>Recursos citados<\/b><\/a><\/p>\n","protected":false},"excerpt":{"rendered":"<p><span class=\"product-title\">Dispositivo de vibraci\u00f3n Sonix Sonicwave<\/span><br \/>\nLa m\u00e1quina de vibraci\u00f3n Sonix Sonicwave proporciona una experiencia similar a un entrenamiento de bajo impacto que puede mejorar la marcha y apoyar la rehabilitaci\u00f3n posoperatoria. La m\u00e1quina genera energ\u00eda de ondas s\u00f3nicas que viaja por todo el cuerpo. Utilice Sonix en la primera etapa de la <a href=\"https:\/\/staging.huelightusa.com\/bahi-therapy\/\">Terapia BAHI<\/a>. Durante la Fase 1, la terapia de vibraci\u00f3n ayuda a movilizar los gl\u00f3bulos rojos, lo que ayuda a maximizar la eficacia de los tratamientos BAHI. <\/p>\n","protected":false},"featured_media":20813,"comment_status":"closed","ping_status":"closed","template":"","meta":{"_acf_changed":false},"product_brand":[],"product_cat":[205,200],"product_tag":[],"class_list":{"0":"post-18483","1":"product","2":"type-product","3":"status-publish","4":"has-post-thumbnail","6":"product_cat-hogar","7":"product_cat-productos","9":"first","10":"instock","11":"sale","12":"shipping-taxable","13":"purchasable","14":"product-type-variable","15":"has-default-attributes"},"acf":[],"yoast_head":"<!-- This site is optimized with the Yoast SEO Premium plugin v22.8 (Yoast SEO v25.3.1) - https:\/\/yoast.com\/wordpress\/plugins\/seo\/ -->\n<title>M\u00e1quina de vibraci\u00f3n Sonix - Sonix Sonicwave | Luz Hue EE. UU.<\/title>\n<meta name=\"description\" content=\"Nuestra m\u00e1quina de vibraci\u00f3n Sonix ofrece curaci\u00f3n vibratoria de todo el cuerpo. Utilice Sonix Sonicwave para aliviar el dolor muscular, aumentar la densidad \u00f3sea y m\u00e1s.\" \/>\n<meta name=\"robots\" content=\"noindex, follow, max-snippet:-1, max-image-preview:large, max-video-preview:-1\" \/>\n<meta property=\"og:locale\" content=\"es_ES\" \/>\n<meta property=\"og:type\" content=\"article\" \/>\n<meta property=\"og:title\" content=\"Dispositivo de vibraci\u00f3n Sonix Sonicwave\" \/>\n<meta property=\"og:description\" content=\"Nuestra m\u00e1quina de vibraci\u00f3n Sonix ofrece curaci\u00f3n vibratoria de todo el cuerpo. Utilice Sonix Sonicwave para aliviar el dolor muscular, aumentar la densidad \u00f3sea y m\u00e1s.\" \/>\n<meta property=\"og:url\" content=\"https:\/\/staging.huelightusa.com\/es\/producto\/dispositivo-de-vibracion-sonix-sonicwave\/\" \/>\n<meta property=\"og:site_name\" content=\"Hue Light USA\" \/>\n<meta property=\"article:modified_time\" content=\"2024-06-28T14:14:59+00:00\" \/>\n<meta property=\"og:image\" content=\"https:\/\/staging.huelightusa.com\/wp-content\/uploads\/2024\/04\/SonicwaveVibrationExercisingDevice_Front-12770x910-1.png\" \/>\n\t<meta property=\"og:image:width\" content=\"770\" \/>\n\t<meta property=\"og:image:height\" content=\"910\" \/>\n\t<meta property=\"og:image:type\" content=\"image\/png\" \/>\n<meta name=\"twitter:card\" content=\"summary_large_image\" \/>\n<meta name=\"twitter:label1\" content=\"Est. reading time\" \/>\n\t<meta name=\"twitter:data1\" content=\"1 minuto\" \/>\n<script type=\"application\/ld+json\" class=\"yoast-schema-graph\">{\"@context\":\"https:\/\/schema.org\",\"@graph\":[{\"@type\":\"WebPage\",\"@id\":\"https:\/\/staging.huelightusa.com\/es\/producto\/dispositivo-de-vibracion-sonix-sonicwave\/\",\"url\":\"https:\/\/staging.huelightusa.com\/es\/producto\/dispositivo-de-vibracion-sonix-sonicwave\/\",\"name\":\"M\u00e1quina de vibraci\u00f3n Sonix - Sonix Sonicwave | Luz Hue EE. UU.\",\"isPartOf\":{\"@id\":\"https:\/\/staging.huelightusa.com\/es\/#website\"},\"primaryImageOfPage\":{\"@id\":\"https:\/\/staging.huelightusa.com\/es\/producto\/dispositivo-de-vibracion-sonix-sonicwave\/#primaryimage\"},\"image\":{\"@id\":\"https:\/\/staging.huelightusa.com\/es\/producto\/dispositivo-de-vibracion-sonix-sonicwave\/#primaryimage\"},\"thumbnailUrl\":\"https:\/\/staging.huelightusa.com\/wp-content\/uploads\/2024\/04\/sonix-sonicwave-vibration-device-1.png\",\"datePublished\":\"2024-04-18T12:03:50+00:00\",\"dateModified\":\"2024-06-28T14:14:59+00:00\",\"description\":\"Nuestra m\u00e1quina de vibraci\u00f3n Sonix ofrece curaci\u00f3n vibratoria de todo el cuerpo. Utilice Sonix Sonicwave para aliviar el dolor muscular, aumentar la densidad \u00f3sea y m\u00e1s.\",\"breadcrumb\":{\"@id\":\"https:\/\/staging.huelightusa.com\/es\/producto\/dispositivo-de-vibracion-sonix-sonicwave\/#breadcrumb\"},\"inLanguage\":\"es\",\"potentialAction\":[{\"@type\":\"ReadAction\",\"target\":[\"https:\/\/staging.huelightusa.com\/es\/producto\/dispositivo-de-vibracion-sonix-sonicwave\/\"]}]},{\"@type\":\"ImageObject\",\"inLanguage\":\"es\",\"@id\":\"https:\/\/staging.huelightusa.com\/es\/producto\/dispositivo-de-vibracion-sonix-sonicwave\/#primaryimage\",\"url\":\"https:\/\/staging.huelightusa.com\/wp-content\/uploads\/2024\/04\/sonix-sonicwave-vibration-device-1.png\",\"contentUrl\":\"https:\/\/staging.huelightusa.com\/wp-content\/uploads\/2024\/04\/sonix-sonicwave-vibration-device-1.png\",\"width\":600,\"height\":550},{\"@type\":\"BreadcrumbList\",\"@id\":\"https:\/\/staging.huelightusa.com\/es\/producto\/dispositivo-de-vibracion-sonix-sonicwave\/#breadcrumb\",\"itemListElement\":[{\"@type\":\"ListItem\",\"position\":1,\"name\":\"Home\",\"item\":\"https:\/\/staging.huelightusa.com\/es\/\"},{\"@type\":\"ListItem\",\"position\":2,\"name\":\"Productos\",\"item\":\"https:\/\/staging.huelightusa.com\/es\/productos\/\"},{\"@type\":\"ListItem\",\"position\":3,\"name\":\"Dispositivo de vibraci\u00f3n Sonix Sonicwave\"}]},{\"@type\":\"WebSite\",\"@id\":\"https:\/\/staging.huelightusa.com\/es\/#website\",\"url\":\"https:\/\/staging.huelightusa.com\/es\/\",\"name\":\"Hue Light USA\",\"description\":\"\",\"publisher\":{\"@id\":\"https:\/\/staging.huelightusa.com\/es\/#organization\"},\"potentialAction\":[{\"@type\":\"SearchAction\",\"target\":{\"@type\":\"EntryPoint\",\"urlTemplate\":\"https:\/\/staging.huelightusa.com\/es\/?s={search_term_string}\"},\"query-input\":{\"@type\":\"PropertyValueSpecification\",\"valueRequired\":true,\"valueName\":\"search_term_string\"}}],\"inLanguage\":\"es\"},{\"@type\":\"Organization\",\"@id\":\"https:\/\/staging.huelightusa.com\/es\/#organization\",\"name\":\"Hue Light USA\",\"url\":\"https:\/\/staging.huelightusa.com\/es\/\",\"logo\":{\"@type\":\"ImageObject\",\"inLanguage\":\"es\",\"@id\":\"https:\/\/staging.huelightusa.com\/es\/#\/schema\/logo\/image\/\",\"url\":\"https:\/\/staging.huelightusa.com\/wp-content\/uploads\/2024\/04\/HueLightUSA_Logo.png\",\"contentUrl\":\"https:\/\/staging.huelightusa.com\/wp-content\/uploads\/2024\/04\/HueLightUSA_Logo.png\",\"width\":862,\"height\":169,\"caption\":\"Hue Light USA\"},\"image\":{\"@id\":\"https:\/\/staging.huelightusa.com\/es\/#\/schema\/logo\/image\/\"}}]}<\/script>\n<!-- \/ Yoast SEO Premium plugin. -->","yoast_head_json":{"title":"M\u00e1quina de vibraci\u00f3n Sonix - Sonix Sonicwave | Luz Hue EE. UU.","description":"Nuestra m\u00e1quina de vibraci\u00f3n Sonix ofrece curaci\u00f3n vibratoria de todo el cuerpo. Utilice Sonix Sonicwave para aliviar el dolor muscular, aumentar la densidad \u00f3sea y m\u00e1s.","robots":{"index":"noindex","follow":"follow","max-snippet":"max-snippet:-1","max-image-preview":"max-image-preview:large","max-video-preview":"max-video-preview:-1"},"og_locale":"es_ES","og_type":"article","og_title":"Dispositivo de vibraci\u00f3n Sonix Sonicwave","og_description":"Nuestra m\u00e1quina de vibraci\u00f3n Sonix ofrece curaci\u00f3n vibratoria de todo el cuerpo. Utilice Sonix Sonicwave para aliviar el dolor muscular, aumentar la densidad \u00f3sea y m\u00e1s.","og_url":"https:\/\/staging.huelightusa.com\/es\/producto\/dispositivo-de-vibracion-sonix-sonicwave\/","og_site_name":"Hue Light USA","article_modified_time":"2024-06-28T14:14:59+00:00","og_image":[{"width":770,"height":910,"url":"https:\/\/staging.huelightusa.com\/wp-content\/uploads\/2024\/04\/SonicwaveVibrationExercisingDevice_Front-12770x910-1.png","type":"image\/png"}],"twitter_card":"summary_large_image","twitter_misc":{"Est. reading time":"1 minuto"},"schema":{"@context":"https:\/\/schema.org","@graph":[{"@type":"WebPage","@id":"https:\/\/staging.huelightusa.com\/es\/producto\/dispositivo-de-vibracion-sonix-sonicwave\/","url":"https:\/\/staging.huelightusa.com\/es\/producto\/dispositivo-de-vibracion-sonix-sonicwave\/","name":"M\u00e1quina de vibraci\u00f3n Sonix - Sonix Sonicwave | Luz Hue EE. UU.","isPartOf":{"@id":"https:\/\/staging.huelightusa.com\/es\/#website"},"primaryImageOfPage":{"@id":"https:\/\/staging.huelightusa.com\/es\/producto\/dispositivo-de-vibracion-sonix-sonicwave\/#primaryimage"},"image":{"@id":"https:\/\/staging.huelightusa.com\/es\/producto\/dispositivo-de-vibracion-sonix-sonicwave\/#primaryimage"},"thumbnailUrl":"https:\/\/staging.huelightusa.com\/wp-content\/uploads\/2024\/04\/sonix-sonicwave-vibration-device-1.png","datePublished":"2024-04-18T12:03:50+00:00","dateModified":"2024-06-28T14:14:59+00:00","description":"Nuestra m\u00e1quina de vibraci\u00f3n Sonix ofrece curaci\u00f3n vibratoria de todo el cuerpo. Utilice Sonix Sonicwave para aliviar el dolor muscular, aumentar la densidad \u00f3sea y m\u00e1s.","breadcrumb":{"@id":"https:\/\/staging.huelightusa.com\/es\/producto\/dispositivo-de-vibracion-sonix-sonicwave\/#breadcrumb"},"inLanguage":"es","potentialAction":[{"@type":"ReadAction","target":["https:\/\/staging.huelightusa.com\/es\/producto\/dispositivo-de-vibracion-sonix-sonicwave\/"]}]},{"@type":"ImageObject","inLanguage":"es","@id":"https:\/\/staging.huelightusa.com\/es\/producto\/dispositivo-de-vibracion-sonix-sonicwave\/#primaryimage","url":"https:\/\/staging.huelightusa.com\/wp-content\/uploads\/2024\/04\/sonix-sonicwave-vibration-device-1.png","contentUrl":"https:\/\/staging.huelightusa.com\/wp-content\/uploads\/2024\/04\/sonix-sonicwave-vibration-device-1.png","width":600,"height":550},{"@type":"BreadcrumbList","@id":"https:\/\/staging.huelightusa.com\/es\/producto\/dispositivo-de-vibracion-sonix-sonicwave\/#breadcrumb","itemListElement":[{"@type":"ListItem","position":1,"name":"Home","item":"https:\/\/staging.huelightusa.com\/es\/"},{"@type":"ListItem","position":2,"name":"Productos","item":"https:\/\/staging.huelightusa.com\/es\/productos\/"},{"@type":"ListItem","position":3,"name":"Dispositivo de vibraci\u00f3n Sonix Sonicwave"}]},{"@type":"WebSite","@id":"https:\/\/staging.huelightusa.com\/es\/#website","url":"https:\/\/staging.huelightusa.com\/es\/","name":"Hue Light USA","description":"","publisher":{"@id":"https:\/\/staging.huelightusa.com\/es\/#organization"},"potentialAction":[{"@type":"SearchAction","target":{"@type":"EntryPoint","urlTemplate":"https:\/\/staging.huelightusa.com\/es\/?s={search_term_string}"},"query-input":{"@type":"PropertyValueSpecification","valueRequired":true,"valueName":"search_term_string"}}],"inLanguage":"es"},{"@type":"Organization","@id":"https:\/\/staging.huelightusa.com\/es\/#organization","name":"Hue Light USA","url":"https:\/\/staging.huelightusa.com\/es\/","logo":{"@type":"ImageObject","inLanguage":"es","@id":"https:\/\/staging.huelightusa.com\/es\/#\/schema\/logo\/image\/","url":"https:\/\/staging.huelightusa.com\/wp-content\/uploads\/2024\/04\/HueLightUSA_Logo.png","contentUrl":"https:\/\/staging.huelightusa.com\/wp-content\/uploads\/2024\/04\/HueLightUSA_Logo.png","width":862,"height":169,"caption":"Hue Light USA"},"image":{"@id":"https:\/\/staging.huelightusa.com\/es\/#\/schema\/logo\/image\/"}}]}},"_links":{"self":[{"href":"https:\/\/staging.huelightusa.com\/es\/wp-json\/wp\/v2\/product\/18483","targetHints":{"allow":["GET"]}}],"collection":[{"href":"https:\/\/staging.huelightusa.com\/es\/wp-json\/wp\/v2\/product"}],"about":[{"href":"https:\/\/staging.huelightusa.com\/es\/wp-json\/wp\/v2\/types\/product"}],"replies":[{"embeddable":true,"href":"https:\/\/staging.huelightusa.com\/es\/wp-json\/wp\/v2\/comments?post=18483"}],"wp:featuredmedia":[{"embeddable":true,"href":"https:\/\/staging.huelightusa.com\/es\/wp-json\/wp\/v2\/media\/20813"}],"wp:attachment":[{"href":"https:\/\/staging.huelightusa.com\/es\/wp-json\/wp\/v2\/media?parent=18483"}],"wp:term":[{"taxonomy":"product_brand","embeddable":true,"href":"https:\/\/staging.huelightusa.com\/es\/wp-json\/wp\/v2\/product_brand?post=18483"},{"taxonomy":"product_cat","embeddable":true,"href":"https:\/\/staging.huelightusa.com\/es\/wp-json\/wp\/v2\/product_cat?post=18483"},{"taxonomy":"product_tag","embeddable":true,"href":"https:\/\/staging.huelightusa.com\/es\/wp-json\/wp\/v2\/product_tag?post=18483"}],"curies":[{"name":"wp","href":"https:\/\/api.w.org\/{rel}","templated":true}]}}