{"id":18489,"date":"2024-04-18T12:03:49","date_gmt":"2024-04-18T12:03:49","guid":{"rendered":"https:\/\/staging.huelightusa.com\/product\/camara-de-fotobiomodulacion-de-cuerpo-entero-pbm\/"},"modified":"2024-12-23T13:19:12","modified_gmt":"2024-12-23T13:19:12","slug":"camara-de-fotobiomodulacion-de-cuerpo-entero-pbm","status":"publish","type":"product","link":"https:\/\/staging.huelightusa.com\/es\/producto\/camara-de-fotobiomodulacion-de-cuerpo-entero-pbm\/","title":{"rendered":"C\u00e1mara de fotobiomodulaci\u00f3n de cuerpo entero (PBM)"},"content":{"rendered":"<h2>\u00bfQu\u00e9 es la terapia PBM de cuerpo entero?<\/h2>\n<p><a href=\"https:\/\/staging.huelightusa.com\/what-does-photobiomodulation-therapy-do\/\">Terapia de fotobiomodulaci\u00f3n<\/a>, Tambi\u00e9n conocida como terapia con l\u00e1ser de bajo nivel (LLLT), es una forma de fototerapia que utiliza formas de luz no ionizantes, incluidos l\u00e1seres, LED y luz de banda ancha en el espectro visible e infrarrojo cercano. Las investigaciones han demostrado que los m\u00e9todos de PBM, como la terapia con luz roja e infrarroja, pueden ayudar a reparar el tejido, reducir la inflamaci\u00f3n y disminuir el dolor.<\/p>\n<p>PBM trabaja con una prote\u00edna conocida como citocromo c oxidasa en las mitocondrias para energizar la producci\u00f3n de trifosfato de adenosina (ATP). Proporcionar a las c\u00e9lulas esta fuente de energ\u00eda natural ayuda a combatir el estr\u00e9s oxidativo y proporciona un impulso de energ\u00eda natural. En \u00faltima instancia, se sabe que esta terapia ayuda al cuerpo a producir sus propios qu\u00edmicos curativos naturales con rayos visibles\/infrarrojos cercanos.<\/p>\n<h2>Frecuencias de Nogier<\/h2>\n<p>La informaci\u00f3n que recibe y produce nuestro cuerpo est\u00e1 representada por frecuencias de Nogier, que se utilizan para diagnosticar y tratar enfermedades. Las frecuencias de Nogier son las frecuencias de pulso m\u00e1s comunes empleadas en este tipo de tratamiento. Existen numerosas etapas de curaci\u00f3n que pueden ocurrir, dependiendo de la frecuencia particular de Nogier que est\u00e9 pulsando. Estos niveles pueden variar desde la curaci\u00f3n superficial hasta la restauraci\u00f3n profunda de \u00f3rganos.<\/p>\n<h2>Los niveles de modos programables est\u00e1n destinados a:<\/h2>\n<ul>\n<li style=\"list-style-type: disc; color: #222;\">Equilibrio del sistema nervioso aut\u00f3nomo<\/li>\n<li style=\"list-style-type: disc; color: #222;\">La circulaci\u00f3n sangu\u00ednea<\/li>\n<li style=\"list-style-type: disc; color: #222;\">Actividad cerebral\/memoria<\/li>\n<li style=\"list-style-type: disc; color: #222;\">Actividad celular<\/li>\n<li style=\"list-style-type: disc; color: #222;\">Ciclos de frecuencia<\/li>\n<li style=\"list-style-type: disc; color: #222;\">equilibrio hormonal<\/li>\n<li style=\"list-style-type: disc; color: #222;\">Control del dolor nervioso<\/li>\n<li style=\"list-style-type: disc; color: #222;\">Reducci\u00f3n de estr\u00e9s<\/li>\n<\/ul>\n<h2>La fototerapia de fotobiomodulaci\u00f3n es conocida por apuntar a las siguientes 4 \u00e1reas:<\/h2>\n<ul>\n<li style=\"list-style-type: disc; color: #222;\">Ganglios linf\u00e1ticos para minimizar el edema y la inflamaci\u00f3n.<\/li>\n<li style=\"list-style-type: disc; color: #222;\">Nervios para inducir analgesia.<\/li>\n<li style=\"list-style-type: disc; color: #222;\">El sitio de la lesi\u00f3n para estimular la curaci\u00f3n, proporcionar reconstrucci\u00f3n y reducir la inflamaci\u00f3n.<\/li>\n<li style=\"list-style-type: disc; color: #222;\">Puntos gatillo para reducir la sensibilidad y relajar las fibras musculares que se contraen.<\/li>\n<\/ul>\n<p><a style=\"color: #bb8e54; font-size: 18px; display: inline-block; margin-top: 20px;\" href=\"\/cited-resources\/\" target=\"_blank\" rel=\"noopener\"><b>Recursos citados<\/b><\/a><\/p>\n","protected":false},"excerpt":{"rendered":"<p><span class=\"product-title\">C\u00e1mara de fotobiomodulaci\u00f3n de cuerpo entero (PBM)<\/span><br \/>\nPuede controlar enfermedades, revertir el estr\u00e9s oxidativo y aumentar la energ\u00eda con la c\u00e1mara de fotobiomodulaci\u00f3n de cuerpo entero (PBM) Hue Light. Nuestra cama de terapia de luz roja funciona para brindar una dosis revitalizante de energ\u00eda de luz infrarroja, roja y verde que, seg\u00fan las investigaciones, ofrece numerosos beneficios para la salud. Un producto clave en nuestro protocolo de <a href=\"https:\/\/staging.huelightusa.com\/bahi-therapy\/\">Terapia BAHI<\/a>, esta cama de fototerapia PBM est\u00e1 dise\u00f1ada para uso comercial o dom\u00e9stico.<\/p>\n","protected":false},"featured_media":20993,"comment_status":"closed","ping_status":"closed","template":"","meta":{"_acf_changed":false},"product_brand":[],"product_cat":[200],"product_tag":[213,214,215],"class_list":{"0":"post-18489","1":"product","2":"type-product","3":"status-publish","4":"has-post-thumbnail","6":"product_cat-productos","7":"product_tag-camara-de-fototerapia","8":"product_tag-dispositivos-de-fotobiomodulacion","9":"product_tag-terapia-pbm-de-fotobiomodulacion","11":"first","12":"instock","13":"shipping-taxable","14":"purchasable","15":"product-type-simple"},"acf":[],"yoast_head":"<!-- This site is optimized with the Yoast SEO Premium plugin v22.8 (Yoast SEO v25.3.1) - https:\/\/yoast.com\/wordpress\/plugins\/seo\/ -->\n<title>C\u00e1mara de fotobiomodulaci\u00f3n (PBM) de cuerpo entero - Cama RLT | Luz Hue EE. UU.<\/title>\n<meta name=\"description\" content=\"Nuestra cama de terapia de luz roja, la c\u00e1mara de fotobiomodulaci\u00f3n de cuerpo entero (PBM), ofrece luz roja y de infrarrojo cercano de 360 \u200b\u200bgrados. \u00a1Obtenga una cotizaci\u00f3n hoy!\" \/>\n<meta name=\"robots\" content=\"noindex, follow, max-snippet:-1, max-image-preview:large, max-video-preview:-1\" \/>\n<meta property=\"og:locale\" content=\"es_ES\" \/>\n<meta property=\"og:type\" content=\"article\" \/>\n<meta property=\"og:title\" content=\"C\u00e1mara de fotobiomodulaci\u00f3n de cuerpo entero (PBM)\" \/>\n<meta property=\"og:description\" content=\"Nuestra cama de terapia de luz roja, la c\u00e1mara de fotobiomodulaci\u00f3n de cuerpo entero (PBM), ofrece luz roja y de infrarrojo cercano de 360 \u200b\u200bgrados. \u00a1Obtenga una cotizaci\u00f3n hoy!\" \/>\n<meta property=\"og:url\" content=\"https:\/\/staging.huelightusa.com\/es\/producto\/camara-de-fotobiomodulacion-de-cuerpo-entero-pbm\/\" \/>\n<meta property=\"og:site_name\" content=\"Hue Light USA\" \/>\n<meta property=\"article:modified_time\" content=\"2024-12-23T13:19:12+00:00\" \/>\n<meta property=\"og:image\" content=\"https:\/\/staging.huelightusa.com\/wp-content\/uploads\/2024\/04\/WholeBodyPBM_HueLightCD5A3452-HDR-1.png\" \/>\n\t<meta property=\"og:image:width\" content=\"600\" \/>\n\t<meta property=\"og:image:height\" content=\"550\" \/>\n\t<meta property=\"og:image:type\" content=\"image\/png\" \/>\n<meta name=\"twitter:card\" content=\"summary_large_image\" \/>\n<meta name=\"twitter:label1\" content=\"Est. reading time\" \/>\n\t<meta name=\"twitter:data1\" content=\"2 minutos\" \/>\n<script type=\"application\/ld+json\" class=\"yoast-schema-graph\">{\"@context\":\"https:\/\/schema.org\",\"@graph\":[{\"@type\":\"WebPage\",\"@id\":\"https:\/\/staging.huelightusa.com\/es\/producto\/camara-de-fotobiomodulacion-de-cuerpo-entero-pbm\/\",\"url\":\"https:\/\/staging.huelightusa.com\/es\/producto\/camara-de-fotobiomodulacion-de-cuerpo-entero-pbm\/\",\"name\":\"C\u00e1mara de fotobiomodulaci\u00f3n (PBM) de cuerpo entero - Cama RLT | Luz Hue EE. UU.\",\"isPartOf\":{\"@id\":\"https:\/\/staging.huelightusa.com\/es\/#website\"},\"primaryImageOfPage\":{\"@id\":\"https:\/\/staging.huelightusa.com\/es\/producto\/camara-de-fotobiomodulacion-de-cuerpo-entero-pbm\/#primaryimage\"},\"image\":{\"@id\":\"https:\/\/staging.huelightusa.com\/es\/producto\/camara-de-fotobiomodulacion-de-cuerpo-entero-pbm\/#primaryimage\"},\"thumbnailUrl\":\"https:\/\/staging.huelightusa.com\/wp-content\/uploads\/2024\/04\/WholeBodyPBM_HueLightCD5A3452-HDR-1.png\",\"datePublished\":\"2024-04-18T12:03:49+00:00\",\"dateModified\":\"2024-12-23T13:19:12+00:00\",\"description\":\"Nuestra cama de terapia de luz roja, la c\u00e1mara de fotobiomodulaci\u00f3n de cuerpo entero (PBM), ofrece luz roja y de infrarrojo cercano de 360 \u200b\u200bgrados. \u00a1Obtenga una cotizaci\u00f3n hoy!\",\"breadcrumb\":{\"@id\":\"https:\/\/staging.huelightusa.com\/es\/producto\/camara-de-fotobiomodulacion-de-cuerpo-entero-pbm\/#breadcrumb\"},\"inLanguage\":\"es\",\"potentialAction\":[{\"@type\":\"ReadAction\",\"target\":[\"https:\/\/staging.huelightusa.com\/es\/producto\/camara-de-fotobiomodulacion-de-cuerpo-entero-pbm\/\"]}]},{\"@type\":\"ImageObject\",\"inLanguage\":\"es\",\"@id\":\"https:\/\/staging.huelightusa.com\/es\/producto\/camara-de-fotobiomodulacion-de-cuerpo-entero-pbm\/#primaryimage\",\"url\":\"https:\/\/staging.huelightusa.com\/wp-content\/uploads\/2024\/04\/WholeBodyPBM_HueLightCD5A3452-HDR-1.png\",\"contentUrl\":\"https:\/\/staging.huelightusa.com\/wp-content\/uploads\/2024\/04\/WholeBodyPBM_HueLightCD5A3452-HDR-1.png\",\"width\":600,\"height\":550},{\"@type\":\"BreadcrumbList\",\"@id\":\"https:\/\/staging.huelightusa.com\/es\/producto\/camara-de-fotobiomodulacion-de-cuerpo-entero-pbm\/#breadcrumb\",\"itemListElement\":[{\"@type\":\"ListItem\",\"position\":1,\"name\":\"Home\",\"item\":\"https:\/\/staging.huelightusa.com\/es\/\"},{\"@type\":\"ListItem\",\"position\":2,\"name\":\"Productos\",\"item\":\"https:\/\/staging.huelightusa.com\/es\/productos\/\"},{\"@type\":\"ListItem\",\"position\":3,\"name\":\"C\u00e1mara de fotobiomodulaci\u00f3n de cuerpo entero (PBM)\"}]},{\"@type\":\"WebSite\",\"@id\":\"https:\/\/staging.huelightusa.com\/es\/#website\",\"url\":\"https:\/\/staging.huelightusa.com\/es\/\",\"name\":\"Hue Light USA\",\"description\":\"\",\"publisher\":{\"@id\":\"https:\/\/staging.huelightusa.com\/es\/#organization\"},\"potentialAction\":[{\"@type\":\"SearchAction\",\"target\":{\"@type\":\"EntryPoint\",\"urlTemplate\":\"https:\/\/staging.huelightusa.com\/es\/?s={search_term_string}\"},\"query-input\":{\"@type\":\"PropertyValueSpecification\",\"valueRequired\":true,\"valueName\":\"search_term_string\"}}],\"inLanguage\":\"es\"},{\"@type\":\"Organization\",\"@id\":\"https:\/\/staging.huelightusa.com\/es\/#organization\",\"name\":\"Hue Light USA\",\"url\":\"https:\/\/staging.huelightusa.com\/es\/\",\"logo\":{\"@type\":\"ImageObject\",\"inLanguage\":\"es\",\"@id\":\"https:\/\/staging.huelightusa.com\/es\/#\/schema\/logo\/image\/\",\"url\":\"https:\/\/staging.huelightusa.com\/wp-content\/uploads\/2024\/04\/HueLightUSA_Logo.png\",\"contentUrl\":\"https:\/\/staging.huelightusa.com\/wp-content\/uploads\/2024\/04\/HueLightUSA_Logo.png\",\"width\":862,\"height\":169,\"caption\":\"Hue Light USA\"},\"image\":{\"@id\":\"https:\/\/staging.huelightusa.com\/es\/#\/schema\/logo\/image\/\"}}]}<\/script>\n<!-- \/ Yoast SEO Premium plugin. -->","yoast_head_json":{"title":"C\u00e1mara de fotobiomodulaci\u00f3n (PBM) de cuerpo entero - Cama RLT | Luz Hue EE. UU.","description":"Nuestra cama de terapia de luz roja, la c\u00e1mara de fotobiomodulaci\u00f3n de cuerpo entero (PBM), ofrece luz roja y de infrarrojo cercano de 360 \u200b\u200bgrados. \u00a1Obtenga una cotizaci\u00f3n hoy!","robots":{"index":"noindex","follow":"follow","max-snippet":"max-snippet:-1","max-image-preview":"max-image-preview:large","max-video-preview":"max-video-preview:-1"},"og_locale":"es_ES","og_type":"article","og_title":"C\u00e1mara de fotobiomodulaci\u00f3n de cuerpo entero (PBM)","og_description":"Nuestra cama de terapia de luz roja, la c\u00e1mara de fotobiomodulaci\u00f3n de cuerpo entero (PBM), ofrece luz roja y de infrarrojo cercano de 360 \u200b\u200bgrados. \u00a1Obtenga una cotizaci\u00f3n hoy!","og_url":"https:\/\/staging.huelightusa.com\/es\/producto\/camara-de-fotobiomodulacion-de-cuerpo-entero-pbm\/","og_site_name":"Hue Light USA","article_modified_time":"2024-12-23T13:19:12+00:00","og_image":[{"width":600,"height":550,"url":"https:\/\/staging.huelightusa.com\/wp-content\/uploads\/2024\/04\/WholeBodyPBM_HueLightCD5A3452-HDR-1.png","type":"image\/png"}],"twitter_card":"summary_large_image","twitter_misc":{"Est. reading time":"2 minutos"},"schema":{"@context":"https:\/\/schema.org","@graph":[{"@type":"WebPage","@id":"https:\/\/staging.huelightusa.com\/es\/producto\/camara-de-fotobiomodulacion-de-cuerpo-entero-pbm\/","url":"https:\/\/staging.huelightusa.com\/es\/producto\/camara-de-fotobiomodulacion-de-cuerpo-entero-pbm\/","name":"C\u00e1mara de fotobiomodulaci\u00f3n (PBM) de cuerpo entero - Cama RLT | Luz Hue EE. UU.","isPartOf":{"@id":"https:\/\/staging.huelightusa.com\/es\/#website"},"primaryImageOfPage":{"@id":"https:\/\/staging.huelightusa.com\/es\/producto\/camara-de-fotobiomodulacion-de-cuerpo-entero-pbm\/#primaryimage"},"image":{"@id":"https:\/\/staging.huelightusa.com\/es\/producto\/camara-de-fotobiomodulacion-de-cuerpo-entero-pbm\/#primaryimage"},"thumbnailUrl":"https:\/\/staging.huelightusa.com\/wp-content\/uploads\/2024\/04\/WholeBodyPBM_HueLightCD5A3452-HDR-1.png","datePublished":"2024-04-18T12:03:49+00:00","dateModified":"2024-12-23T13:19:12+00:00","description":"Nuestra cama de terapia de luz roja, la c\u00e1mara de fotobiomodulaci\u00f3n de cuerpo entero (PBM), ofrece luz roja y de infrarrojo cercano de 360 \u200b\u200bgrados. \u00a1Obtenga una cotizaci\u00f3n hoy!","breadcrumb":{"@id":"https:\/\/staging.huelightusa.com\/es\/producto\/camara-de-fotobiomodulacion-de-cuerpo-entero-pbm\/#breadcrumb"},"inLanguage":"es","potentialAction":[{"@type":"ReadAction","target":["https:\/\/staging.huelightusa.com\/es\/producto\/camara-de-fotobiomodulacion-de-cuerpo-entero-pbm\/"]}]},{"@type":"ImageObject","inLanguage":"es","@id":"https:\/\/staging.huelightusa.com\/es\/producto\/camara-de-fotobiomodulacion-de-cuerpo-entero-pbm\/#primaryimage","url":"https:\/\/staging.huelightusa.com\/wp-content\/uploads\/2024\/04\/WholeBodyPBM_HueLightCD5A3452-HDR-1.png","contentUrl":"https:\/\/staging.huelightusa.com\/wp-content\/uploads\/2024\/04\/WholeBodyPBM_HueLightCD5A3452-HDR-1.png","width":600,"height":550},{"@type":"BreadcrumbList","@id":"https:\/\/staging.huelightusa.com\/es\/producto\/camara-de-fotobiomodulacion-de-cuerpo-entero-pbm\/#breadcrumb","itemListElement":[{"@type":"ListItem","position":1,"name":"Home","item":"https:\/\/staging.huelightusa.com\/es\/"},{"@type":"ListItem","position":2,"name":"Productos","item":"https:\/\/staging.huelightusa.com\/es\/productos\/"},{"@type":"ListItem","position":3,"name":"C\u00e1mara de fotobiomodulaci\u00f3n de cuerpo entero (PBM)"}]},{"@type":"WebSite","@id":"https:\/\/staging.huelightusa.com\/es\/#website","url":"https:\/\/staging.huelightusa.com\/es\/","name":"Hue Light USA","description":"","publisher":{"@id":"https:\/\/staging.huelightusa.com\/es\/#organization"},"potentialAction":[{"@type":"SearchAction","target":{"@type":"EntryPoint","urlTemplate":"https:\/\/staging.huelightusa.com\/es\/?s={search_term_string}"},"query-input":{"@type":"PropertyValueSpecification","valueRequired":true,"valueName":"search_term_string"}}],"inLanguage":"es"},{"@type":"Organization","@id":"https:\/\/staging.huelightusa.com\/es\/#organization","name":"Hue Light USA","url":"https:\/\/staging.huelightusa.com\/es\/","logo":{"@type":"ImageObject","inLanguage":"es","@id":"https:\/\/staging.huelightusa.com\/es\/#\/schema\/logo\/image\/","url":"https:\/\/staging.huelightusa.com\/wp-content\/uploads\/2024\/04\/HueLightUSA_Logo.png","contentUrl":"https:\/\/staging.huelightusa.com\/wp-content\/uploads\/2024\/04\/HueLightUSA_Logo.png","width":862,"height":169,"caption":"Hue Light USA"},"image":{"@id":"https:\/\/staging.huelightusa.com\/es\/#\/schema\/logo\/image\/"}}]}},"_links":{"self":[{"href":"https:\/\/staging.huelightusa.com\/es\/wp-json\/wp\/v2\/product\/18489","targetHints":{"allow":["GET"]}}],"collection":[{"href":"https:\/\/staging.huelightusa.com\/es\/wp-json\/wp\/v2\/product"}],"about":[{"href":"https:\/\/staging.huelightusa.com\/es\/wp-json\/wp\/v2\/types\/product"}],"replies":[{"embeddable":true,"href":"https:\/\/staging.huelightusa.com\/es\/wp-json\/wp\/v2\/comments?post=18489"}],"wp:featuredmedia":[{"embeddable":true,"href":"https:\/\/staging.huelightusa.com\/es\/wp-json\/wp\/v2\/media\/20993"}],"wp:attachment":[{"href":"https:\/\/staging.huelightusa.com\/es\/wp-json\/wp\/v2\/media?parent=18489"}],"wp:term":[{"taxonomy":"product_brand","embeddable":true,"href":"https:\/\/staging.huelightusa.com\/es\/wp-json\/wp\/v2\/product_brand?post=18489"},{"taxonomy":"product_cat","embeddable":true,"href":"https:\/\/staging.huelightusa.com\/es\/wp-json\/wp\/v2\/product_cat?post=18489"},{"taxonomy":"product_tag","embeddable":true,"href":"https:\/\/staging.huelightusa.com\/es\/wp-json\/wp\/v2\/product_tag?post=18489"}],"curies":[{"name":"wp","href":"https:\/\/api.w.org\/{rel}","templated":true}]}}